{"id":709,"date":"2022-10-01T13:07:17","date_gmt":"2022-10-01T11:07:17","guid":{"rendered":"https:\/\/www.galab.com\/?page_id=709"},"modified":"2025-10-16T13:57:55","modified_gmt":"2025-10-16T11:57:55","slug":"frontpage-2","status":"publish","type":"page","link":"https:\/\/www.galab.com\/de\/","title":{"rendered":"Startseite"},"content":{"rendered":"","protected":false},"excerpt":{"rendered":"","protected":false},"author":1,"featured_media":0,"parent":0,"menu_order":0,"comment_status":"closed","ping_status":"closed","template":"","meta":[],"yoast_head":"<!-- This site is optimized with the Yoast SEO plugin v16.6 - https:\/\/yoast.com\/wordpress\/plugins\/seo\/ -->\n<meta name=\"description\" content=\"GALAB ist ein unabh\u00e4ngiges Dienstleistungslabor f\u00fcr die externe Qualit\u00e4tskontrolle. Wir analysieren und bewerten Lebensmittel, Lebensmittelverpackungen, Hygieneprodukte oder Bedarfsgegenst\u00e4nde und deren Rohstoffe auf Substanzen oder Kontaminanten.\" \/>\n<meta name=\"robots\" content=\"index, follow, max-snippet:-1, max-image-preview:large, max-video-preview:-1\" \/>\n<link rel=\"canonical\" href=\"https:\/\/www.galab.com\/de\/\" \/>\n<meta property=\"og:locale\" content=\"de_DE\" \/>\n<meta property=\"og:type\" content=\"article\" \/>\n<meta property=\"og:title\" content=\"Galab Laboratories GmbH - Vorreiter auf dem Gebiet der Analyse.\" \/>\n<meta property=\"og:description\" content=\"GALAB ist ein unabh\u00e4ngiges Dienstleistungslabor f\u00fcr die externe Qualit\u00e4tskontrolle. Wir analysieren und bewerten Lebensmittel, Lebensmittelverpackungen, Hygieneprodukte oder Bedarfsgegenst\u00e4nde und deren Rohstoffe auf Substanzen oder Kontaminanten.\" \/>\n<meta property=\"og:url\" content=\"https:\/\/www.galab.com\/de\/\" \/>\n<meta property=\"og:site_name\" content=\"Galab Laboratories GmbH\" \/>\n<meta property=\"article:modified_time\" content=\"2025-10-16T11:57:55+00:00\" \/>\n<meta name=\"twitter:card\" content=\"summary_large_image\" \/>\n<script type=\"application\/ld+json\" class=\"yoast-schema-graph\">{\"@context\":\"https:\/\/schema.org\",\"@graph\":[{\"@type\":\"WebSite\",\"@id\":\"https:\/\/www.galab.com\/de\/#website\",\"url\":\"https:\/\/www.galab.com\/de\/\",\"name\":\"Galab Laboratories GmbH\",\"description\":\"\",\"potentialAction\":[{\"@type\":\"SearchAction\",\"target\":{\"@type\":\"EntryPoint\",\"urlTemplate\":\"https:\/\/www.galab.com\/de\/?s={search_term_string}\"},\"query-input\":\"required name=search_term_string\"}],\"inLanguage\":\"de-DE\"},{\"@type\":\"WebPage\",\"@id\":\"https:\/\/www.galab.com\/de\/#webpage\",\"url\":\"https:\/\/www.galab.com\/de\/\",\"name\":\"Galab Laboratories GmbH - Vorreiter auf dem Gebiet der Analyse.\",\"isPartOf\":{\"@id\":\"https:\/\/www.galab.com\/de\/#website\"},\"datePublished\":\"2022-10-01T11:07:17+00:00\",\"dateModified\":\"2025-10-16T11:57:55+00:00\",\"description\":\"GALAB ist ein unabh\\u00e4ngiges Dienstleistungslabor f\\u00fcr die externe Qualit\\u00e4tskontrolle. Wir analysieren und bewerten Lebensmittel, Lebensmittelverpackungen, Hygieneprodukte oder Bedarfsgegenst\\u00e4nde und deren Rohstoffe auf Substanzen oder Kontaminanten.\",\"breadcrumb\":{\"@id\":\"https:\/\/www.galab.com\/de\/#breadcrumb\"},\"inLanguage\":\"de-DE\",\"potentialAction\":[{\"@type\":\"ReadAction\",\"target\":[\"https:\/\/www.galab.com\/de\/\"]}]},{\"@type\":\"BreadcrumbList\",\"@id\":\"https:\/\/www.galab.com\/de\/#breadcrumb\",\"itemListElement\":[{\"@type\":\"ListItem\",\"position\":1,\"name\":\"Home\",\"item\":\"https:\/\/www.galab.com\/de\/\"},{\"@type\":\"ListItem\",\"position\":2,\"name\":\"Startseite\"}]}]}<\/script>\n<!-- \/ Yoast SEO plugin. -->","_links":{"self":[{"href":"https:\/\/www.galab.com\/de\/wp-json\/wp\/v2\/pages\/709"}],"collection":[{"href":"https:\/\/www.galab.com\/de\/wp-json\/wp\/v2\/pages"}],"about":[{"href":"https:\/\/www.galab.com\/de\/wp-json\/wp\/v2\/types\/page"}],"author":[{"embeddable":true,"href":"https:\/\/www.galab.com\/de\/wp-json\/wp\/v2\/users\/1"}],"replies":[{"embeddable":true,"href":"https:\/\/www.galab.com\/de\/wp-json\/wp\/v2\/comments?post=709"}],"version-history":[{"count":10,"href":"https:\/\/www.galab.com\/de\/wp-json\/wp\/v2\/pages\/709\/revisions"}],"predecessor-version":[{"id":4818,"href":"https:\/\/www.galab.com\/de\/wp-json\/wp\/v2\/pages\/709\/revisions\/4818"}],"wp:attachment":[{"href":"https:\/\/www.galab.com\/de\/wp-json\/wp\/v2\/media?parent=709"}],"curies":[{"name":"wp","href":"https:\/\/api.w.org\/{rel}","templated":true}]}}