{"id":1762,"date":"2023-04-19T07:58:18","date_gmt":"2023-04-19T05:58:18","guid":{"rendered":"https:\/\/www.galab.com\/?page_id=1762"},"modified":"2026-02-03T14:39:59","modified_gmt":"2026-02-03T13:39:59","slug":"impressum","status":"publish","type":"page","link":"https:\/\/www.galab.com\/de\/impressum\/","title":{"rendered":"Impressum"},"content":{"rendered":"<p>GALAB Laboratories GmbH<br \/>\nAm Schleusengraben 7<br \/>\nD-21029 Hamburg<\/p>\n<p>Telefon: +49 40 36 80 77 \u2013 0<br \/>\nFax: +49 40 36 80 77 \u2013 401<br \/>\nE-Mail: info@galab.de<\/p>\n<p>Verantwortlich gem\u00e4\u00df \u00a7 5 TMG:<\/p>\n<p>Gesch\u00e4ftsf\u00fchrer: Dr. Eckard Jantzen<br \/>\nGesch\u00e4ftsf\u00fchrer: Dr. J\u00fcrgen Kuballa<br \/>\nGesch\u00e4ftsf\u00fchrer: Rozemarijn Joan Sorgdrager<br \/>\nGesch\u00e4ftsf\u00fchrer: Jeroen Brink<\/p>\n<p>Umsatzsteueridentifikationsnummer: DE 814 301 127<\/p>\n<p>Handelsregisternummer: HRB 130673<\/p>\n<p>Amtsgericht Hamburg<\/p>\n<h2>Akkreditierung<\/h2>\n<p>Gem\u00e4\u00df DIN EN ISO\/IEC 17025:2018<br \/>\nDeutsche Akkreditierungsstelle GmbH<br \/>\nSpittelmarkt 10<br \/>\n10117 Berlin<\/p>\n","protected":false},"excerpt":{"rendered":"<p>GALAB Laboratories GmbH Am Schleusengraben 7 D-21029 Hamburg Telefon: +49 40 36 80 77 \u2013 0 Fax: +49 40 36 80 77 \u2013 401 E-Mail: info@galab.de Verantwortlich gem\u00e4\u00df \u00a7 5 TMG: Gesch\u00e4ftsf\u00fchrer: Dr. Eckard Jantzen Gesch\u00e4ftsf\u00fchrer: Dr. J\u00fcrgen Kuballa Gesch\u00e4ftsf\u00fchrer: Rozemarijn Joan Sorgdrager Gesch\u00e4ftsf\u00fchrer: Jeroen Brink Umsatzsteueridentifikationsnummer: DE 814 301 127 Handelsregisternummer: HRB 130673 Amtsgericht [&hellip;]<\/p>\n","protected":false},"author":1,"featured_media":0,"parent":0,"menu_order":0,"comment_status":"closed","ping_status":"closed","template":"","meta":[],"yoast_head":"<!-- This site is optimized with the Yoast SEO plugin v16.6 - https:\/\/yoast.com\/wordpress\/plugins\/seo\/ -->\n<meta name=\"robots\" content=\"index, follow, max-snippet:-1, max-image-preview:large, max-video-preview:-1\" \/>\n<link rel=\"canonical\" href=\"https:\/\/www.galab.com\/de\/impressum\/\" \/>\n<meta property=\"og:locale\" content=\"de_DE\" \/>\n<meta property=\"og:type\" content=\"article\" \/>\n<meta property=\"og:title\" content=\"Impressum - Galab Laboratories GmbH\" \/>\n<meta property=\"og:description\" content=\"GALAB Laboratories GmbH Am Schleusengraben 7 D-21029 Hamburg Telefon: +49 40 36 80 77 \u2013 0 Fax: +49 40 36 80 77 \u2013 401 E-Mail: info@galab.de Verantwortlich gem\u00e4\u00df \u00a7 5 TMG: Gesch\u00e4ftsf\u00fchrer: Dr. Eckard Jantzen Gesch\u00e4ftsf\u00fchrer: Dr. J\u00fcrgen Kuballa Gesch\u00e4ftsf\u00fchrer: Rozemarijn Joan Sorgdrager Gesch\u00e4ftsf\u00fchrer: Jeroen Brink Umsatzsteueridentifikationsnummer: DE 814 301 127 Handelsregisternummer: HRB 130673 Amtsgericht [&hellip;]\" \/>\n<meta property=\"og:url\" content=\"https:\/\/www.galab.com\/de\/impressum\/\" \/>\n<meta property=\"og:site_name\" content=\"Galab Laboratories GmbH\" \/>\n<meta property=\"article:modified_time\" content=\"2026-02-03T13:39:59+00:00\" \/>\n<meta name=\"twitter:card\" content=\"summary_large_image\" \/>\n<meta name=\"twitter:label1\" content=\"Est. reading time\" \/>\n\t<meta name=\"twitter:data1\" content=\"1 Minute\" \/>\n<script type=\"application\/ld+json\" class=\"yoast-schema-graph\">{\"@context\":\"https:\/\/schema.org\",\"@graph\":[{\"@type\":\"WebSite\",\"@id\":\"https:\/\/www.galab.com\/de\/#website\",\"url\":\"https:\/\/www.galab.com\/de\/\",\"name\":\"Galab Laboratories GmbH\",\"description\":\"\",\"potentialAction\":[{\"@type\":\"SearchAction\",\"target\":{\"@type\":\"EntryPoint\",\"urlTemplate\":\"https:\/\/www.galab.com\/de\/?s={search_term_string}\"},\"query-input\":\"required name=search_term_string\"}],\"inLanguage\":\"de-DE\"},{\"@type\":\"WebPage\",\"@id\":\"https:\/\/www.galab.com\/de\/impressum\/#webpage\",\"url\":\"https:\/\/www.galab.com\/de\/impressum\/\",\"name\":\"Impressum - Galab Laboratories GmbH\",\"isPartOf\":{\"@id\":\"https:\/\/www.galab.com\/de\/#website\"},\"datePublished\":\"2023-04-19T05:58:18+00:00\",\"dateModified\":\"2026-02-03T13:39:59+00:00\",\"breadcrumb\":{\"@id\":\"https:\/\/www.galab.com\/de\/impressum\/#breadcrumb\"},\"inLanguage\":\"de-DE\",\"potentialAction\":[{\"@type\":\"ReadAction\",\"target\":[\"https:\/\/www.galab.com\/de\/impressum\/\"]}]},{\"@type\":\"BreadcrumbList\",\"@id\":\"https:\/\/www.galab.com\/de\/impressum\/#breadcrumb\",\"itemListElement\":[{\"@type\":\"ListItem\",\"position\":1,\"name\":\"Home\",\"item\":\"https:\/\/www.galab.com\/de\/\"},{\"@type\":\"ListItem\",\"position\":2,\"name\":\"Impressum\"}]}]}<\/script>\n<!-- \/ Yoast SEO plugin. -->","_links":{"self":[{"href":"https:\/\/www.galab.com\/de\/wp-json\/wp\/v2\/pages\/1762"}],"collection":[{"href":"https:\/\/www.galab.com\/de\/wp-json\/wp\/v2\/pages"}],"about":[{"href":"https:\/\/www.galab.com\/de\/wp-json\/wp\/v2\/types\/page"}],"author":[{"embeddable":true,"href":"https:\/\/www.galab.com\/de\/wp-json\/wp\/v2\/users\/1"}],"replies":[{"embeddable":true,"href":"https:\/\/www.galab.com\/de\/wp-json\/wp\/v2\/comments?post=1762"}],"version-history":[{"count":5,"href":"https:\/\/www.galab.com\/de\/wp-json\/wp\/v2\/pages\/1762\/revisions"}],"predecessor-version":[{"id":5187,"href":"https:\/\/www.galab.com\/de\/wp-json\/wp\/v2\/pages\/1762\/revisions\/5187"}],"wp:attachment":[{"href":"https:\/\/www.galab.com\/de\/wp-json\/wp\/v2\/media?parent=1762"}],"curies":[{"name":"wp","href":"https:\/\/api.w.org\/{rel}","templated":true}]}}